{"id":25,"date":"2021-11-13T12:42:56","date_gmt":"2021-11-13T12:42:56","guid":{"rendered":"https:\/\/zimnolubni.com\/?page_id=25"},"modified":"2022-01-20T14:51:00","modified_gmt":"2022-01-20T14:51:00","slug":"kontakt","status":"publish","type":"page","link":"https:\/\/zimnolubni.com\/en\/kontakt\/","title":{"rendered":"Contact"},"content":{"rendered":"<p class=\"has-text-align-center\">Masz do nas jakie\u015b pytania? \u015awietnie!<\/p>\n\n\n\n<p class=\"has-text-align-center has-normal-font-size\">Skontaktuj si\u0119 z nami poprzez fanpage na <a href=\"https:\/\/www.facebook.com\/zimnolubniislandia\" data-type=\"URL\" data-id=\"https:\/\/www.facebook.com\/zimnolubniislandia\">Facebooku<\/a> albo wy\u015blij wiadomo\u015b\u0107 na adres mailowy <strong>stowarzyszenie@zimnolubni.com<\/strong>. Mo\u017cesz r\u00f3wnie\u017c skontaktowa\u0107 si\u0119 z nami telefonicznie <strong>+354 888 8820<\/strong>.<\/p>\n\n\n\n<p><\/p>\n\n\n\n<p class=\"has-text-align-center\">Do us\u0142yszenia! <\/p>\n\n\n\n<div style=\"height:33px\" aria-hidden=\"true\" class=\"wp-block-spacer\"><\/div>\n\n\n\n<p><\/p>","protected":false},"excerpt":{"rendered":"<p>Masz do nas jakie\u015b pytania? \u015awietnie! Skontaktuj si\u0119 z nami poprzez fanpage na Facebooku albo wy\u015blij wiadomo\u015b\u0107 na adres mailowy stowarzyszenie@zimnolubni.com. Mo\u017cesz r\u00f3wnie\u017c skontaktowa\u0107 si\u0119 z nami telefonicznie +354 888 8820. Do us\u0142yszenia!<\/p>","protected":false},"author":1,"featured_media":0,"parent":0,"menu_order":0,"comment_status":"closed","ping_status":"closed","template":"","meta":{"footnotes":""},"class_list":["post-25","page","type-page","status-publish","hentry","eq-blocks"],"_links":{"self":[{"href":"https:\/\/zimnolubni.com\/en\/wp-json\/wp\/v2\/pages\/25","targetHints":{"allow":["GET"]}}],"collection":[{"href":"https:\/\/zimnolubni.com\/en\/wp-json\/wp\/v2\/pages"}],"about":[{"href":"https:\/\/zimnolubni.com\/en\/wp-json\/wp\/v2\/types\/page"}],"author":[{"embeddable":true,"href":"https:\/\/zimnolubni.com\/en\/wp-json\/wp\/v2\/users\/1"}],"replies":[{"embeddable":true,"href":"https:\/\/zimnolubni.com\/en\/wp-json\/wp\/v2\/comments?post=25"}],"version-history":[{"count":8,"href":"https:\/\/zimnolubni.com\/en\/wp-json\/wp\/v2\/pages\/25\/revisions"}],"predecessor-version":[{"id":1952,"href":"https:\/\/zimnolubni.com\/en\/wp-json\/wp\/v2\/pages\/25\/revisions\/1952"}],"wp:attachment":[{"href":"https:\/\/zimnolubni.com\/en\/wp-json\/wp\/v2\/media?parent=25"}],"curies":[{"name":"wp","href":"https:\/\/api.w.org\/{rel}","templated":true}]}}