{"id":1968,"date":"2022-01-24T15:34:52","date_gmt":"2022-01-24T15:34:52","guid":{"rendered":"https:\/\/zimnolubni.com\/?page_id=1968"},"modified":"2022-01-24T15:48:34","modified_gmt":"2022-01-24T15:48:34","slug":"o-nas","status":"publish","type":"page","link":"https:\/\/zimnolubni.com\/en\/o-nas\/","title":{"rendered":"O nas!"},"content":{"rendered":"<p>Cze\u015b\u0107,<\/p>\n\n\n\n<p>nazywamy si\u0119 Zimnolubni Islandia i jeste\u015bmy grup\u0105 przyjaci\u00f3\u0142 mieszkaj\u0105cych w Islandii, kt\u00f3rych po\u0142\u0105czy\u0142a mi\u0142o\u015b\u0107 do zimnych k\u0105pieli. P\u0142ywamy w wodospadach, oceanie, jeziorach, rzekach&#8230; Zasada jest prosta: im zimniej, tym lepiej!&nbsp;\ud83d\ude42<\/p>\n\n\n\n<p>Nasza grupa zosta\u0142a za\u0142o\u017cona w lutym 2020 roku przez Agnieszk\u0119 Narkiewicz-Czury\u0142o. Je\u017celi chcecie wiedzie\u0107, dlaczego nasza Zimnolubna szefowa wpad\u0142a na taki pomys\u0142, koniecznie zerknijcie <a href=\"https:\/\/www.youtube.com\/watch?v=acC1H6Kk9Io&amp;ab_channel=SzymonZak\" data-type=\"URL\" data-id=\"https:\/\/www.youtube.com\/watch?v=acC1H6Kk9Io&amp;ab_channel=SzymonZak\">tutaj<\/a>. <\/p>\n\n\n\n<p>8.03.2020 roku po raz pierwszy wsp\u00f3lnie razem zamorsowali\u015bmy i oficjalnie stali\u015bmy si\u0119 morsuj\u0105c\u0105 rodzin\u0105. \ud83d\ude42<\/p>\n\n\n\n<p>Poniewa\u017c nasza grupa bardzo si\u0119 rozrasta\u0142a, a my mieli\u015bmy coraz wi\u0119cej plan\u00f3w i pomys\u0142\u00f3w do zrealizowania, postanowili\u015bmy zrobi\u0107 krok naprz\u00f3d i 14.09.2020 roku utworzyli\u015bmy Stowarzyszenie Zimnolubni Islandia! Od pocz\u0105tku naszej dzia\u0142alno\u015bci nie tylko promowali\u015bmy ekspozycj\u0119 na zimno i zdrowy tryb \u017cycia, ale r\u00f3wnie\u017c anga\u017cowali\u015bmy si\u0119 w r\u00f3\u017cne akcje spo\u0142eczne, charytatywne, promowali\u015bmy miasta oraz r\u00f3\u017cne obszary Islandii, oraz promowali\u015bmy polsk\u0105 kultur\u0119 na Islandii.<\/p>\n\n\n\n<p>W maju 2021 utworzyli\u015bmy oddzia\u0142 Zimnolubni Islandia w Keflaviku oraz stworzyli\u015bmy Sekcj\u0119 Biegow\u0105 Zimnolubni Islandia pod has\u0142em \u201eDogoni\u0107 zaj\u0105ca&#8221;. <\/p>\n\n\n\n<p>Wci\u0105\u017c si\u0119 rozwijamy, realizujemy kolejne cele i cieszymy si\u0119, \u017ce jeste\u015bcie tutaj z nami!<\/p>\n\n\n\n<p>Do us\u0142yszenia!<\/p>\n\n\n\n<p><\/p>","protected":false},"excerpt":{"rendered":"<p>Cze\u015b\u0107, nazywamy si\u0119 Zimnolubni Islandia i jeste\u015bmy grup\u0105 przyjaci\u00f3\u0142 mieszkaj\u0105cych w Islandii, kt\u00f3rych po\u0142\u0105czy\u0142a mi\u0142o\u015b\u0107 do zimnych k\u0105pieli. P\u0142ywamy w wodospadach, oceanie, jeziorach, rzekach&#8230; Zasada jest prosta: im zimniej, tym lepiej!&nbsp;\ud83d\ude42 Nasza grupa zosta\u0142a za\u0142o\u017cona w lutym 2020 roku przez Agnieszk\u0119 Narkiewicz-Czury\u0142o. Je\u017celi chcecie wiedzie\u0107, dlaczego nasza Zimnolubna szefowa wpad\u0142a na taki pomys\u0142, koniecznie zerknijcie [&hellip;]<\/p>\n","protected":false},"author":1,"featured_media":0,"parent":0,"menu_order":0,"comment_status":"closed","ping_status":"closed","template":"","meta":{"footnotes":""},"class_list":["post-1968","page","type-page","status-publish","hentry","eq-blocks"],"_links":{"self":[{"href":"https:\/\/zimnolubni.com\/en\/wp-json\/wp\/v2\/pages\/1968","targetHints":{"allow":["GET"]}}],"collection":[{"href":"https:\/\/zimnolubni.com\/en\/wp-json\/wp\/v2\/pages"}],"about":[{"href":"https:\/\/zimnolubni.com\/en\/wp-json\/wp\/v2\/types\/page"}],"author":[{"embeddable":true,"href":"https:\/\/zimnolubni.com\/en\/wp-json\/wp\/v2\/users\/1"}],"replies":[{"embeddable":true,"href":"https:\/\/zimnolubni.com\/en\/wp-json\/wp\/v2\/comments?post=1968"}],"version-history":[{"count":4,"href":"https:\/\/zimnolubni.com\/en\/wp-json\/wp\/v2\/pages\/1968\/revisions"}],"predecessor-version":[{"id":2309,"href":"https:\/\/zimnolubni.com\/en\/wp-json\/wp\/v2\/pages\/1968\/revisions\/2309"}],"wp:attachment":[{"href":"https:\/\/zimnolubni.com\/en\/wp-json\/wp\/v2\/media?parent=1968"}],"curies":[{"name":"wp","href":"https:\/\/api.w.org\/{rel}","templated":true}]}}