{"id":1194,"date":"2022-01-11T12:03:39","date_gmt":"2022-01-11T12:03:39","guid":{"rendered":"https:\/\/zimnolubni.com\/?page_id=1194"},"modified":"2022-01-11T12:03:41","modified_gmt":"2022-01-11T12:03:41","slug":"harmonogram","status":"publish","type":"page","link":"https:\/\/zimnolubni.com\/en\/harmonogram\/","title":{"rendered":"Harmonogram"},"content":{"rendered":"<p class=\"has-text-align-center\">Wszystkie wydarzenia znajduj\u0105 si\u0119 pod tym <a href=\"https:\/\/www.facebook.com\/zimnolubniislandia\/events\/?ref=page_internal\" data-type=\"URL\" data-id=\"https:\/\/www.facebook.com\/zimnolubniislandia\/events\/?ref=page_internal\">linkiem<\/a>. Zach\u0119camy do zaznaczania swojej obecno\u015bci w konkretnych wydarzeniach, \u017ceby otrzymywa\u0107 powiadomienia o ewentualnych zmianach. Prosimy r\u00f3wnie\u017c o zapoznanie si\u0119 z <a href=\"https:\/\/zimnolubni.com\/en\/regulamin\/\" data-type=\"URL\" data-id=\"https:\/\/zimnolubni.com\/regulamin\/\">regulaminem<\/a>. <\/p>\n\n\n\n<p><\/p>\n\n\n\n<p class=\"has-text-align-center\">Do zobaczenia!<\/p>","protected":false},"excerpt":{"rendered":"<p>Wszystkie wydarzenia znajduj\u0105 si\u0119 pod tym linkiem. Zach\u0119camy do zaznaczania swojej obecno\u015bci w konkretnych wydarzeniach, \u017ceby otrzymywa\u0107 powiadomienia o ewentualnych zmianach. Prosimy r\u00f3wnie\u017c o zapoznanie si\u0119 z regulaminem. Do zobaczenia!<\/p>","protected":false},"author":2,"featured_media":0,"parent":0,"menu_order":0,"comment_status":"closed","ping_status":"closed","template":"","meta":{"footnotes":""},"class_list":["post-1194","page","type-page","status-publish","hentry","eq-blocks"],"_links":{"self":[{"href":"https:\/\/zimnolubni.com\/en\/wp-json\/wp\/v2\/pages\/1194","targetHints":{"allow":["GET"]}}],"collection":[{"href":"https:\/\/zimnolubni.com\/en\/wp-json\/wp\/v2\/pages"}],"about":[{"href":"https:\/\/zimnolubni.com\/en\/wp-json\/wp\/v2\/types\/page"}],"author":[{"embeddable":true,"href":"https:\/\/zimnolubni.com\/en\/wp-json\/wp\/v2\/users\/2"}],"replies":[{"embeddable":true,"href":"https:\/\/zimnolubni.com\/en\/wp-json\/wp\/v2\/comments?post=1194"}],"version-history":[{"count":1,"href":"https:\/\/zimnolubni.com\/en\/wp-json\/wp\/v2\/pages\/1194\/revisions"}],"predecessor-version":[{"id":1195,"href":"https:\/\/zimnolubni.com\/en\/wp-json\/wp\/v2\/pages\/1194\/revisions\/1195"}],"wp:attachment":[{"href":"https:\/\/zimnolubni.com\/en\/wp-json\/wp\/v2\/media?parent=1194"}],"curies":[{"name":"wp","href":"https:\/\/api.w.org\/{rel}","templated":true}]}}