{"id":1158,"date":"2022-01-10T16:18:12","date_gmt":"2022-01-10T16:18:12","guid":{"rendered":"https:\/\/zimnolubni.com\/?page_id=1158"},"modified":"2022-01-20T14:43:51","modified_gmt":"2022-01-20T14:43:51","slug":"ewa-bielaczyc","status":"publish","type":"page","link":"https:\/\/zimnolubni.com\/en\/ewa-bielaczyc\/","title":{"rendered":"Ewa Bielaczyc"},"content":{"rendered":"<p>Kobieta pracuj\u0105ca, kt\u00f3ra \u017cadnej pracy si\u0119 nie boi.<br>Od 5 lat pracuj\u0119 w \u015bwietlicy szkolnej, z grup\u0105 rozkrzyczanych dzieciak\u00f3w codziennie odkrywamy nowe sposoby na nud\u0119. Islandia to moje miejsce na ziemi, moje i mojej rodziny.\u00a0<br>Od niedawna jestem babci\u0105 tr\u00f3jki wnucz\u0105t, a ta nowa rola przynios\u0142a ze sob\u0105 nowe wyzwania. Od 2 lat p\u0142ywam i morsuje w zimnych wodach Islandii i to daje mi niesamowite uczucie szcz\u0119\u015bcia.\u00a0<br>Uwielbiam je\u017adzi\u0107 konno, podr\u00f3\u017cowa\u0107 po wyspie i nieco dalej, oczywi\u015bcie z dobr\u0105 ksi\u0105\u017ck\u0105.<\/p>\n\n\n\n<div style=\"height:28px\" aria-hidden=\"true\" class=\"wp-block-spacer\"><\/div>\n\n\n\n<figure class=\"wp-block-gallery columns-1 is-cropped wp-block-gallery-1 is-layout-flex wp-block-gallery-is-layout-flex\"><ul class=\"blocks-gallery-grid\"><li class=\"blocks-gallery-item\"><figure><a href=\"https:\/\/zimnolubni.com\/wp-content\/uploads\/2022\/01\/179D49CB-717C-41B8-8100-D312FA81081F.jpeg\"><img fetchpriority=\"high\" decoding=\"async\" width=\"828\" height=\"1104\" src=\"https:\/\/zimnolubni.com\/wp-content\/uploads\/2022\/01\/179D49CB-717C-41B8-8100-D312FA81081F.jpeg\" alt=\"\" data-id=\"1936\" data-full-url=\"https:\/\/zimnolubni.com\/wp-content\/uploads\/2022\/01\/179D49CB-717C-41B8-8100-D312FA81081F.jpeg\" data-link=\"https:\/\/zimnolubni.com\/ewa-bielaczyc\/179d49cb-717c-41b8-8100-d312fa81081f\/\" class=\"wp-image-1936\" srcset=\"https:\/\/zimnolubni.com\/wp-content\/uploads\/2022\/01\/179D49CB-717C-41B8-8100-D312FA81081F.jpeg 828w, https:\/\/zimnolubni.com\/wp-content\/uploads\/2022\/01\/179D49CB-717C-41B8-8100-D312FA81081F-225x300.jpeg 225w, https:\/\/zimnolubni.com\/wp-content\/uploads\/2022\/01\/179D49CB-717C-41B8-8100-D312FA81081F-768x1024.jpeg 768w, https:\/\/zimnolubni.com\/wp-content\/uploads\/2022\/01\/179D49CB-717C-41B8-8100-D312FA81081F-9x12.jpeg 9w\" sizes=\"(max-width: 828px) 100vw, 828px\" \/><\/a><\/figure><\/li><\/ul><\/figure>","protected":false},"excerpt":{"rendered":"<p>Kobieta pracuj\u0105ca, kt\u00f3ra \u017cadnej pracy si\u0119 nie boi.Od 5 lat pracuj\u0119 w \u015bwietlicy szkolnej, z grup\u0105 rozkrzyczanych dzieciak\u00f3w codziennie odkrywamy nowe sposoby na nud\u0119. Islandia to moje miejsce na ziemi, moje i mojej rodziny.\u00a0Od niedawna jestem babci\u0105 tr\u00f3jki wnucz\u0105t, a ta nowa rola przynios\u0142a ze sob\u0105 nowe wyzwania. Od 2 lat p\u0142ywam i morsuje w [&hellip;]<\/p>\n","protected":false},"author":1,"featured_media":0,"parent":0,"menu_order":0,"comment_status":"closed","ping_status":"closed","template":"page-template-no-feat-img.php","meta":{"footnotes":""},"class_list":["post-1158","page","type-page","status-publish","hentry","eq-blocks"],"_links":{"self":[{"href":"https:\/\/zimnolubni.com\/en\/wp-json\/wp\/v2\/pages\/1158","targetHints":{"allow":["GET"]}}],"collection":[{"href":"https:\/\/zimnolubni.com\/en\/wp-json\/wp\/v2\/pages"}],"about":[{"href":"https:\/\/zimnolubni.com\/en\/wp-json\/wp\/v2\/types\/page"}],"author":[{"embeddable":true,"href":"https:\/\/zimnolubni.com\/en\/wp-json\/wp\/v2\/users\/1"}],"replies":[{"embeddable":true,"href":"https:\/\/zimnolubni.com\/en\/wp-json\/wp\/v2\/comments?post=1158"}],"version-history":[{"count":4,"href":"https:\/\/zimnolubni.com\/en\/wp-json\/wp\/v2\/pages\/1158\/revisions"}],"predecessor-version":[{"id":1948,"href":"https:\/\/zimnolubni.com\/en\/wp-json\/wp\/v2\/pages\/1158\/revisions\/1948"}],"wp:attachment":[{"href":"https:\/\/zimnolubni.com\/en\/wp-json\/wp\/v2\/media?parent=1158"}],"curies":[{"name":"wp","href":"https:\/\/api.w.org\/{rel}","templated":true}]}}