{"id":1154,"date":"2022-01-10T16:13:15","date_gmt":"2022-01-10T16:13:15","guid":{"rendered":"https:\/\/zimnolubni.com\/?page_id=1154"},"modified":"2022-01-24T15:59:06","modified_gmt":"2022-01-24T15:59:06","slug":"malgosia-zaczek","status":"publish","type":"page","link":"https:\/\/zimnolubni.com\/en\/malgosia-zaczek\/","title":{"rendered":"Ma\u0142gosia \u017baczek"},"content":{"rendered":"<p>Optymistka z natury, prywatnie &#8211; zodiakalna Ryba. Na co dzie\u0144 pracuj\u0119 w szpitalu, jestem masa\u017cystk\u0105 i fizjoterapeutk\u0105. Preferuj\u0119 aktywny tryb \u017cycia, kocham g\u00f3ry, lubi\u0119 gotowa\u0107, dzierga\u0107 na drutach, pasjonuje si\u0119 fotografi\u0105. Czas wolny staram si\u0119 sp\u0119dza\u0107 aktywnie &#8211; biegaj\u0105c, morsuj\u0105c. Uwielbiam si\u0119 \u015bmia\u0107 i otacza\u0107 lud\u017ami z pozytywn\u0105 energi\u0105 (ten kto mnie zna widzia\u0142 ju\u017c ten szeroki u\u015bmiech i nawet dzi\u0105s\u0142a;)). To w\u0142a\u015bnie na Islandii zrodzi\u0142a si\u0119 mi\u0142o\u015b\u0107 do g\u00f3rskich wycieczek oraz zimnej wody. Motocyklistka, je\u017cd\u017c\u0105c enduro odkry\u0142am Islandzkie szlaki od lepszej strony.<\/p>\n\n\n\n<div style=\"height:31px\" aria-hidden=\"true\" class=\"wp-block-spacer\"><\/div>\n\n\n\n<figure class=\"wp-block-gallery columns-1 is-cropped wp-block-gallery-1 is-layout-flex wp-block-gallery-is-layout-flex\"><ul class=\"blocks-gallery-grid\"><li class=\"blocks-gallery-item\"><figure><a href=\"https:\/\/zimnolubni.com\/wp-content\/uploads\/2022\/01\/IMG-20190928-WA0053.jpg\"><img fetchpriority=\"high\" decoding=\"async\" width=\"1200\" height=\"1600\" src=\"https:\/\/zimnolubni.com\/wp-content\/uploads\/2022\/01\/IMG-20190928-WA0053.jpg\" alt=\"\" data-id=\"1169\" data-full-url=\"https:\/\/zimnolubni.com\/wp-content\/uploads\/2022\/01\/IMG-20190928-WA0053.jpg\" data-link=\"https:\/\/zimnolubni.com\/malgosia-zaczek\/img-20190928-wa0053\/\" class=\"wp-image-1169\" srcset=\"https:\/\/zimnolubni.com\/wp-content\/uploads\/2022\/01\/IMG-20190928-WA0053.jpg 1200w, https:\/\/zimnolubni.com\/wp-content\/uploads\/2022\/01\/IMG-20190928-WA0053-225x300.jpg 225w, https:\/\/zimnolubni.com\/wp-content\/uploads\/2022\/01\/IMG-20190928-WA0053-768x1024.jpg 768w, https:\/\/zimnolubni.com\/wp-content\/uploads\/2022\/01\/IMG-20190928-WA0053-1152x1536.jpg 1152w, https:\/\/zimnolubni.com\/wp-content\/uploads\/2022\/01\/IMG-20190928-WA0053-9x12.jpg 9w\" sizes=\"(max-width: 1200px) 100vw, 1200px\" \/><\/a><\/figure><\/li><\/ul><\/figure>","protected":false},"excerpt":{"rendered":"<p>Optymistka z natury, prywatnie &#8211; zodiakalna Ryba. Na co dzie\u0144 pracuj\u0119 w szpitalu, jestem masa\u017cystk\u0105 i fizjoterapeutk\u0105. Preferuj\u0119 aktywny tryb \u017cycia, kocham g\u00f3ry, lubi\u0119 gotowa\u0107, dzierga\u0107 na drutach, pasjonuje si\u0119 fotografi\u0105. Czas wolny staram si\u0119 sp\u0119dza\u0107 aktywnie &#8211; biegaj\u0105c, morsuj\u0105c. Uwielbiam si\u0119 \u015bmia\u0107 i otacza\u0107 lud\u017ami z pozytywn\u0105 energi\u0105 (ten kto mnie zna widzia\u0142 ju\u017c [&hellip;]<\/p>\n","protected":false},"author":2,"featured_media":0,"parent":0,"menu_order":0,"comment_status":"closed","ping_status":"closed","template":"","meta":{"footnotes":""},"class_list":["post-1154","page","type-page","status-publish","hentry","eq-blocks"],"_links":{"self":[{"href":"https:\/\/zimnolubni.com\/en\/wp-json\/wp\/v2\/pages\/1154","targetHints":{"allow":["GET"]}}],"collection":[{"href":"https:\/\/zimnolubni.com\/en\/wp-json\/wp\/v2\/pages"}],"about":[{"href":"https:\/\/zimnolubni.com\/en\/wp-json\/wp\/v2\/types\/page"}],"author":[{"embeddable":true,"href":"https:\/\/zimnolubni.com\/en\/wp-json\/wp\/v2\/users\/2"}],"replies":[{"embeddable":true,"href":"https:\/\/zimnolubni.com\/en\/wp-json\/wp\/v2\/comments?post=1154"}],"version-history":[{"count":5,"href":"https:\/\/zimnolubni.com\/en\/wp-json\/wp\/v2\/pages\/1154\/revisions"}],"predecessor-version":[{"id":1974,"href":"https:\/\/zimnolubni.com\/en\/wp-json\/wp\/v2\/pages\/1154\/revisions\/1974"}],"wp:attachment":[{"href":"https:\/\/zimnolubni.com\/en\/wp-json\/wp\/v2\/media?parent=1154"}],"curies":[{"name":"wp","href":"https:\/\/api.w.org\/{rel}","templated":true}]}}