{"id":1117,"date":"2022-01-10T14:07:36","date_gmt":"2022-01-10T14:07:36","guid":{"rendered":"https:\/\/zimnolubni.com\/?page_id=1117"},"modified":"2022-01-19T17:27:43","modified_gmt":"2022-01-19T17:27:43","slug":"zarzad","status":"publish","type":"page","link":"https:\/\/zimnolubni.com\/en\/zarzad\/","title":{"rendered":"Zarz\u0105d"},"content":{"rendered":"<div class=\"wp-block-media-text alignwide is-stacked-on-mobile\"><figure class=\"wp-block-media-text__media\"><img fetchpriority=\"high\" decoding=\"async\" width=\"904\" height=\"1024\" src=\"https:\/\/zimnolubni.com\/wp-content\/uploads\/2022\/01\/DSC09083-1-904x1024.jpg\" alt=\"\" class=\"wp-image-1097 size-full\" srcset=\"https:\/\/zimnolubni.com\/wp-content\/uploads\/2022\/01\/DSC09083-1-904x1024.jpg 904w, https:\/\/zimnolubni.com\/wp-content\/uploads\/2022\/01\/DSC09083-1-265x300.jpg 265w, https:\/\/zimnolubni.com\/wp-content\/uploads\/2022\/01\/DSC09083-1-768x870.jpg 768w, https:\/\/zimnolubni.com\/wp-content\/uploads\/2022\/01\/DSC09083-1-1355x1536.jpg 1355w, https:\/\/zimnolubni.com\/wp-content\/uploads\/2022\/01\/DSC09083-1-11x12.jpg 11w, https:\/\/zimnolubni.com\/wp-content\/uploads\/2022\/01\/DSC09083-1-1320x1496.jpg 1320w, https:\/\/zimnolubni.com\/wp-content\/uploads\/2022\/01\/DSC09083-1.jpg 1807w\" sizes=\"(max-width: 904px) 100vw, 904px\" \/><\/figure><div class=\"wp-block-media-text__content\">\n<p class=\"has-large-font-size\"><strong>Agnieszka Narkiewicz-Czury\u0142o<\/strong><\/p>\n\n\n\n<p>Prezes oraz za\u0142o\u017cycielka Stowarzyszenia Zimnolubni Islandia<\/p>\n\n\n\n<p><a href=\"https:\/\/zimnolubni.com\/en\/zarzad\/agnieszka-narkiewicz-czurylo\/\" data-type=\"URL\" data-id=\"https:\/\/zimnolubni.com\/zarzad\/agnieszka-narkiewicz-czurylo\/\">O mnie<\/a><\/p>\n<\/div><\/div>\n\n\n\n<div style=\"height:38px\" aria-hidden=\"true\" class=\"wp-block-spacer\"><\/div>\n\n\n\n<div class=\"wp-block-media-text alignwide is-stacked-on-mobile\"><figure class=\"wp-block-media-text__media\"><img decoding=\"async\" width=\"1024\" height=\"805\" src=\"https:\/\/zimnolubni.com\/wp-content\/uploads\/2022\/01\/Dominik-1024x805.jpg\" alt=\"\" class=\"wp-image-1133 size-full\" srcset=\"https:\/\/zimnolubni.com\/wp-content\/uploads\/2022\/01\/Dominik-1024x805.jpg 1024w, https:\/\/zimnolubni.com\/wp-content\/uploads\/2022\/01\/Dominik-300x236.jpg 300w, https:\/\/zimnolubni.com\/wp-content\/uploads\/2022\/01\/Dominik-768x604.jpg 768w, https:\/\/zimnolubni.com\/wp-content\/uploads\/2022\/01\/Dominik-1536x1208.jpg 1536w, https:\/\/zimnolubni.com\/wp-content\/uploads\/2022\/01\/Dominik-2048x1611.jpg 2048w, https:\/\/zimnolubni.com\/wp-content\/uploads\/2022\/01\/Dominik-15x12.jpg 15w, https:\/\/zimnolubni.com\/wp-content\/uploads\/2022\/01\/Dominik-1320x1038.jpg 1320w\" sizes=\"(max-width: 1024px) 100vw, 1024px\" \/><\/figure><div class=\"wp-block-media-text__content\">\n<p class=\"has-large-font-size\"><strong>Dominik Czaj<\/strong><\/p>\n\n\n\n<p>Sekretarz Stowarzyszenia Zimnolubni Islandia<\/p>\n\n\n\n<p><a href=\"https:\/\/zimnolubni.com\/en\/zarzad\/dominik-czaj\/\" data-type=\"URL\" data-id=\"https:\/\/zimnolubni.com\/zarzad\/dominik-czaj\/\">O mnie<\/a><\/p>\n<\/div><\/div>\n\n\n\n<div style=\"height:38px\" aria-hidden=\"true\" class=\"wp-block-spacer\"><\/div>\n\n\n\n<div class=\"wp-block-media-text alignwide is-stacked-on-mobile\"><figure class=\"wp-block-media-text__media\"><img decoding=\"async\" width=\"1024\" height=\"683\" src=\"https:\/\/zimnolubni.com\/wp-content\/uploads\/2022\/01\/IMG_7218-1024x683.jpg\" alt=\"\" class=\"wp-image-1155 size-full\" srcset=\"https:\/\/zimnolubni.com\/wp-content\/uploads\/2022\/01\/IMG_7218-1024x683.jpg 1024w, https:\/\/zimnolubni.com\/wp-content\/uploads\/2022\/01\/IMG_7218-300x200.jpg 300w, https:\/\/zimnolubni.com\/wp-content\/uploads\/2022\/01\/IMG_7218-768x512.jpg 768w, https:\/\/zimnolubni.com\/wp-content\/uploads\/2022\/01\/IMG_7218-1536x1024.jpg 1536w, https:\/\/zimnolubni.com\/wp-content\/uploads\/2022\/01\/IMG_7218-2048x1365.jpg 2048w, https:\/\/zimnolubni.com\/wp-content\/uploads\/2022\/01\/IMG_7218-18x12.jpg 18w, https:\/\/zimnolubni.com\/wp-content\/uploads\/2022\/01\/IMG_7218-1320x880.jpg 1320w\" sizes=\"(max-width: 1024px) 100vw, 1024px\" \/><\/figure><div class=\"wp-block-media-text__content\">\n<p class=\"has-large-font-size\"><strong>Ma\u0142gosia \u017baczek<\/strong><\/p>\n\n\n\n<p>Skarbnik Stowarzyszenia Zimnolubni Islandia<\/p>\n\n\n\n<p><a href=\"https:\/\/zimnolubni.com\/en\/malgosia-zaczek\/\" data-type=\"URL\" data-id=\"https:\/\/zimnolubni.com\/malgosia-zaczek\/\">o mnie<\/a><\/p>\n<\/div><\/div>\n\n\n\n<div style=\"height:38px\" aria-hidden=\"true\" class=\"wp-block-spacer\"><\/div>\n\n\n\n<div class=\"wp-block-media-text alignwide is-stacked-on-mobile\"><figure class=\"wp-block-media-text__media\"><img loading=\"lazy\" decoding=\"async\" width=\"828\" height=\"551\" src=\"https:\/\/zimnolubni.com\/wp-content\/uploads\/2022\/01\/Ewa-1.jpg\" alt=\"\" class=\"wp-image-1165 size-full\" srcset=\"https:\/\/zimnolubni.com\/wp-content\/uploads\/2022\/01\/Ewa-1.jpg 828w, https:\/\/zimnolubni.com\/wp-content\/uploads\/2022\/01\/Ewa-1-300x200.jpg 300w, https:\/\/zimnolubni.com\/wp-content\/uploads\/2022\/01\/Ewa-1-768x511.jpg 768w, https:\/\/zimnolubni.com\/wp-content\/uploads\/2022\/01\/Ewa-1-18x12.jpg 18w\" sizes=\"(max-width: 828px) 100vw, 828px\" \/><\/figure><div class=\"wp-block-media-text__content\">\n<p class=\"has-large-font-size\"><strong>Ewa Bielaczyc<\/strong><\/p>\n\n\n\n<p>Cz\u0142onek Zarz\u0105du Stowarzyszenia Zimnolubni Islandia<\/p>\n\n\n\n<p><a href=\"https:\/\/zimnolubni.com\/en\/ewa-bielaczyc\/\" data-type=\"URL\" data-id=\"https:\/\/zimnolubni.com\/ewa-bielaczyc\/\">O mnie<\/a><\/p>\n<\/div><\/div>\n\n\n\n<div style=\"height:12px\" aria-hidden=\"true\" class=\"wp-block-spacer\"><\/div>","protected":false},"excerpt":{"rendered":"<p>Agnieszka Narkiewicz-Czury\u0142o Prezes oraz za\u0142o\u017cycielka Stowarzyszenia Zimnolubni Islandia O mnie Dominik Czaj Sekretarz Stowarzyszenia Zimnolubni Islandia O mnie Ma\u0142gosia \u017baczek Skarbnik Stowarzyszenia Zimnolubni Islandia o mnie Ewa Bielaczyc Cz\u0142onek Zarz\u0105du Stowarzyszenia Zimnolubni Islandia O mnie<\/p>","protected":false},"author":1,"featured_media":0,"parent":0,"menu_order":0,"comment_status":"closed","ping_status":"closed","template":"page-template-no-feat-img.php","meta":{"footnotes":""},"class_list":["post-1117","page","type-page","status-publish","hentry","eq-blocks"],"_links":{"self":[{"href":"https:\/\/zimnolubni.com\/en\/wp-json\/wp\/v2\/pages\/1117","targetHints":{"allow":["GET"]}}],"collection":[{"href":"https:\/\/zimnolubni.com\/en\/wp-json\/wp\/v2\/pages"}],"about":[{"href":"https:\/\/zimnolubni.com\/en\/wp-json\/wp\/v2\/types\/page"}],"author":[{"embeddable":true,"href":"https:\/\/zimnolubni.com\/en\/wp-json\/wp\/v2\/users\/1"}],"replies":[{"embeddable":true,"href":"https:\/\/zimnolubni.com\/en\/wp-json\/wp\/v2\/comments?post=1117"}],"version-history":[{"count":19,"href":"https:\/\/zimnolubni.com\/en\/wp-json\/wp\/v2\/pages\/1117\/revisions"}],"predecessor-version":[{"id":1935,"href":"https:\/\/zimnolubni.com\/en\/wp-json\/wp\/v2\/pages\/1117\/revisions\/1935"}],"wp:attachment":[{"href":"https:\/\/zimnolubni.com\/en\/wp-json\/wp\/v2\/media?parent=1117"}],"curies":[{"name":"wp","href":"https:\/\/api.w.org\/{rel}","templated":true}]}}