{"id":1088,"date":"2022-01-10T13:18:37","date_gmt":"2022-01-10T13:18:37","guid":{"rendered":"https:\/\/zimnolubni.com\/?page_id=1088"},"modified":"2022-01-20T14:40:49","modified_gmt":"2022-01-20T14:40:49","slug":"dominik-czaj","status":"publish","type":"page","link":"https:\/\/zimnolubni.com\/en\/zarzad\/dominik-czaj\/","title":{"rendered":"Dominik Czaj"},"content":{"rendered":"<p class=\"has-text-align-left\">Okre\u015bli\u0142bym siebie jako osob\u0119 pracowit\u0105, uczciw\u0105 i z poczuciem humoru. Szybko zapalam si\u0119 do nowych pomys\u0142\u00f3w. Interesuj\u0119 si\u0119 sportem, lubi\u0119 je\u017adzi\u0107 na rowerze, a poza tym uwielbiam podr\u00f3\u017cowa\u0107. Staram si\u0119 optymistycznie patrze\u0107 na \u015bwiat. Zami\u0142owanie do ekspozycji na zimno zrodzi\u0142o si\u0119 u mnie par\u0119 lat temu. Ci\u0105gle pog\u0142\u0119biam wiedz\u0119 na ten temat, eksperymentuj\u0119 z zimnem, aby pozna\u0107 wszystkie jego uroki i zalety. Ciesz\u0119 si\u0119, \u017ce zosta\u0142em sekretarzem Stowarzyszenia Zimnolubni Islandia i mog\u0119 przyczynia\u0107 si\u0119 do jego rozwoju, a przy tym promowa\u0107 zdrowe podej\u015bcie do morsowania i pomaga\u0107 wszystkim, kt\u00f3rzy chc\u0105 obcowa\u0107 z zimnem.<\/p>\n\n\n\n<div style=\"height:30px\" aria-hidden=\"true\" class=\"wp-block-spacer\"><\/div>\n\n\n\n<figure class=\"wp-block-gallery aligncenter columns-1 is-cropped wp-block-gallery-1 is-layout-flex wp-block-gallery-is-layout-flex\"><ul class=\"blocks-gallery-grid\"><li class=\"blocks-gallery-item\"><figure><a href=\"https:\/\/zimnolubni.com\/wp-content\/uploads\/2021\/10\/3-1.jpg\"><img fetchpriority=\"high\" decoding=\"async\" width=\"922\" height=\"615\" src=\"https:\/\/zimnolubni.com\/wp-content\/uploads\/2021\/10\/3-1.jpg\" alt=\"\" data-id=\"1711\" data-full-url=\"https:\/\/zimnolubni.com\/wp-content\/uploads\/2021\/10\/3-1.jpg\" data-link=\"https:\/\/zimnolubni.com\/valerjan-romanovski-czesc-1\/3-29\/\" class=\"wp-image-1711\" srcset=\"https:\/\/zimnolubni.com\/wp-content\/uploads\/2021\/10\/3-1.jpg 922w, https:\/\/zimnolubni.com\/wp-content\/uploads\/2021\/10\/3-1-300x200.jpg 300w, https:\/\/zimnolubni.com\/wp-content\/uploads\/2021\/10\/3-1-768x512.jpg 768w, https:\/\/zimnolubni.com\/wp-content\/uploads\/2021\/10\/3-1-18x12.jpg 18w\" sizes=\"(max-width: 922px) 100vw, 922px\" \/><\/a><\/figure><\/li><\/ul><\/figure>","protected":false},"excerpt":{"rendered":"<p>Okre\u015bli\u0142bym siebie jako osob\u0119 pracowit\u0105, uczciw\u0105 i z poczuciem humoru. Szybko zapalam si\u0119 do nowych pomys\u0142\u00f3w. Interesuj\u0119 si\u0119 sportem, lubi\u0119 je\u017adzi\u0107 na rowerze, a poza tym uwielbiam podr\u00f3\u017cowa\u0107. Staram si\u0119 optymistycznie patrze\u0107 na \u015bwiat. Zami\u0142owanie do ekspozycji na zimno zrodzi\u0142o si\u0119 u mnie par\u0119 lat temu. Ci\u0105gle pog\u0142\u0119biam wiedz\u0119 na ten temat, eksperymentuj\u0119 z zimnem, [&hellip;]<\/p>\n","protected":false},"author":1,"featured_media":0,"parent":1117,"menu_order":2,"comment_status":"closed","ping_status":"closed","template":"","meta":{"footnotes":""},"class_list":["post-1088","page","type-page","status-publish","hentry","eq-blocks"],"_links":{"self":[{"href":"https:\/\/zimnolubni.com\/en\/wp-json\/wp\/v2\/pages\/1088","targetHints":{"allow":["GET"]}}],"collection":[{"href":"https:\/\/zimnolubni.com\/en\/wp-json\/wp\/v2\/pages"}],"about":[{"href":"https:\/\/zimnolubni.com\/en\/wp-json\/wp\/v2\/types\/page"}],"author":[{"embeddable":true,"href":"https:\/\/zimnolubni.com\/en\/wp-json\/wp\/v2\/users\/1"}],"replies":[{"embeddable":true,"href":"https:\/\/zimnolubni.com\/en\/wp-json\/wp\/v2\/comments?post=1088"}],"version-history":[{"count":8,"href":"https:\/\/zimnolubni.com\/en\/wp-json\/wp\/v2\/pages\/1088\/revisions"}],"predecessor-version":[{"id":1946,"href":"https:\/\/zimnolubni.com\/en\/wp-json\/wp\/v2\/pages\/1088\/revisions\/1946"}],"up":[{"embeddable":true,"href":"https:\/\/zimnolubni.com\/en\/wp-json\/wp\/v2\/pages\/1117"}],"wp:attachment":[{"href":"https:\/\/zimnolubni.com\/en\/wp-json\/wp\/v2\/media?parent=1088"}],"curies":[{"name":"wp","href":"https:\/\/api.w.org\/{rel}","templated":true}]}}