{"id":1086,"date":"2022-01-10T13:18:14","date_gmt":"2022-01-10T13:18:14","guid":{"rendered":"https:\/\/zimnolubni.com\/?page_id=1086"},"modified":"2022-01-20T14:33:41","modified_gmt":"2022-01-20T14:33:41","slug":"agnieszka-narkiewicz-czurylo","status":"publish","type":"page","link":"https:\/\/zimnolubni.com\/en\/zarzad\/agnieszka-narkiewicz-czurylo\/","title":{"rendered":"Agnieszka Narkiewicz-Czury\u0142o"},"content":{"rendered":"<p> W 2005 roku opu\u015bci\u0142am Gda\u0144sk i zamieszka\u0142am wraz z rodzin\u0105 na Islandii. Na co dzie\u0144 jestem doradc\u0105 klienta w banku. Na powa\u017cnie zainteresowa\u0142am si\u0119 ekspozycj\u0105 na zimno, a dok\u0142adniej metod\u0105 Wima Hofa w 2017 roku. Uczestniczy\u0142am w kursie u certyfikowanego instruktora tej metody i od tamtego czasu ju\u017c na powa\u017cnie i \u015bwiadomie obcuj\u0119 z zimnem. W maju 2019 roku Wim Hof przyjecha\u0142\u00a0na Islandi\u0119 na jednodniowe wyk\u0142ady po\u0142\u0105czone z k\u0105piel\u0105 w wodzie z lodem, w kt\u00f3rych tak\u017ce wzi\u0119\u0142am\u00a0udzia\u0142. W tym samym roku rozpocz\u0119\u0142am\u00a0p\u0142ywanie w wodach otwartych, pocz\u0105tkowo pod okiem Erny Hedins. W styczniu 2020 roku uczestniczy\u0142am w 6-dniowych warsztatach z samym Wimem\u00a0Hofem zako\u0144czonych\u00a0kilkugodzinnym spacerem w g\u00f3rach, ubrana tylko w kr\u00f3tkie spodenki i stanik sportowy. W lutym 2020 roku\u00a0za\u0142o\u017cy\u0142am grup\u0119\u00a0Zimnolubni Islandia. Prywatnie kocham natur\u0119, p\u0142ywanie, chodzenie po g\u00f3rach\u00a0i lodowcach, jazd\u0119 na rowerze, jazd\u0119 konna, og\u00f3lnie poj\u0119te aktywne\u00a0sp\u0119dzanie czasu oraz organizowanie spotka\u0144, wyjazd\u00f3w itd. <\/p>\n\n\n\n<div style=\"height:30px\" aria-hidden=\"true\" class=\"wp-block-spacer\"><\/div>\n\n\n\n<figure class=\"wp-block-gallery aligncenter columns-1 is-cropped wp-block-gallery-1 is-layout-flex wp-block-gallery-is-layout-flex\"><ul class=\"blocks-gallery-grid\"><li class=\"blocks-gallery-item\"><figure><a href=\"https:\/\/zimnolubni.com\/wp-content\/uploads\/2022\/01\/20211025_154433.jpg\"><img fetchpriority=\"high\" decoding=\"async\" width=\"1721\" height=\"2075\" src=\"https:\/\/zimnolubni.com\/wp-content\/uploads\/2022\/01\/20211025_154433.jpg\" alt=\"\" data-id=\"1929\" data-full-url=\"https:\/\/zimnolubni.com\/wp-content\/uploads\/2022\/01\/20211025_154433.jpg\" data-link=\"https:\/\/zimnolubni.com\/zarzad\/agnieszka-narkiewicz-czurylo\/20211025_154433\/\" class=\"wp-image-1929\" srcset=\"https:\/\/zimnolubni.com\/wp-content\/uploads\/2022\/01\/20211025_154433.jpg 1721w, https:\/\/zimnolubni.com\/wp-content\/uploads\/2022\/01\/20211025_154433-249x300.jpg 249w, https:\/\/zimnolubni.com\/wp-content\/uploads\/2022\/01\/20211025_154433-849x1024.jpg 849w, https:\/\/zimnolubni.com\/wp-content\/uploads\/2022\/01\/20211025_154433-768x926.jpg 768w, https:\/\/zimnolubni.com\/wp-content\/uploads\/2022\/01\/20211025_154433-1274x1536.jpg 1274w, https:\/\/zimnolubni.com\/wp-content\/uploads\/2022\/01\/20211025_154433-1699x2048.jpg 1699w, https:\/\/zimnolubni.com\/wp-content\/uploads\/2022\/01\/20211025_154433-10x12.jpg 10w\" sizes=\"(max-width: 1721px) 100vw, 1721px\" \/><\/a><\/figure><\/li><\/ul><\/figure>","protected":false},"excerpt":{"rendered":"<p>W 2005 roku opu\u015bci\u0142am Gda\u0144sk i zamieszka\u0142am wraz z rodzin\u0105 na Islandii. Na co dzie\u0144 jestem doradc\u0105 klienta w banku. Na powa\u017cnie zainteresowa\u0142am si\u0119 ekspozycj\u0105 na zimno, a dok\u0142adniej metod\u0105 Wima Hofa w 2017 roku. Uczestniczy\u0142am w kursie u certyfikowanego instruktora tej metody i od tamtego czasu ju\u017c na powa\u017cnie i \u015bwiadomie obcuj\u0119 z zimnem. [&hellip;]<\/p>\n","protected":false},"author":1,"featured_media":1097,"parent":1117,"menu_order":1,"comment_status":"closed","ping_status":"closed","template":"page-template-no-feat-img.php","meta":{"footnotes":""},"class_list":["post-1086","page","type-page","status-publish","has-post-thumbnail","hentry","eq-blocks"],"_links":{"self":[{"href":"https:\/\/zimnolubni.com\/en\/wp-json\/wp\/v2\/pages\/1086","targetHints":{"allow":["GET"]}}],"collection":[{"href":"https:\/\/zimnolubni.com\/en\/wp-json\/wp\/v2\/pages"}],"about":[{"href":"https:\/\/zimnolubni.com\/en\/wp-json\/wp\/v2\/types\/page"}],"author":[{"embeddable":true,"href":"https:\/\/zimnolubni.com\/en\/wp-json\/wp\/v2\/users\/1"}],"replies":[{"embeddable":true,"href":"https:\/\/zimnolubni.com\/en\/wp-json\/wp\/v2\/comments?post=1086"}],"version-history":[{"count":7,"href":"https:\/\/zimnolubni.com\/en\/wp-json\/wp\/v2\/pages\/1086\/revisions"}],"predecessor-version":[{"id":1941,"href":"https:\/\/zimnolubni.com\/en\/wp-json\/wp\/v2\/pages\/1086\/revisions\/1941"}],"up":[{"embeddable":true,"href":"https:\/\/zimnolubni.com\/en\/wp-json\/wp\/v2\/pages\/1117"}],"wp:featuredmedia":[{"embeddable":true,"href":"https:\/\/zimnolubni.com\/en\/wp-json\/wp\/v2\/media\/1097"}],"wp:attachment":[{"href":"https:\/\/zimnolubni.com\/en\/wp-json\/wp\/v2\/media?parent=1086"}],"curies":[{"name":"wp","href":"https:\/\/api.w.org\/{rel}","templated":true}]}}